{"id":478,"date":"2024-11-04T18:40:17","date_gmt":"2024-11-04T17:40:17","guid":{"rendered":"https:\/\/cleaningdrones.de\/startseite\/"},"modified":"2026-03-17T17:13:41","modified_gmt":"2026-03-17T16:13:41","slug":"startseite","status":"publish","type":"page","link":"https:\/\/cleaningdrones.de\/de\/","title":{"rendered":"Startseite"},"content":{"rendered":"<h1 class=\"wp-block-heading\">Der Game Changer in der Reinigungsbranche!<\/h1>\n\n<h2 class=\"wp-block-heading\">M\u00f6chten auch Sie mit unserer Drohnen-Reinigungsl\u00f6sung arbeiten?<\/h2>\n\n<p>Als offizieller Vertriebspartner der Swiss Drone Services AG f\u00fcr das SDS-Reinigungssystem bieten wir Ihnen die M\u00f6glichkeit, zuk\u00fcnftig selbst mit Hilfe von Drohnen zu reinigen. Mit einer sehr kurzen Vorlaufzeit k\u00f6nnen auch Sie von dieser innovativen Reinigungsl\u00f6sung profitieren. <\/p>\n<p>Gerne f\u00fchren wir Ihnen das SDS-Reinigungssystem pers\u00f6nlich vor und zeigen Ihnen seine Vorteile auf. Im Rahmen unserer Zusammenarbeit bieten wir Ihnen eine umfassende Schulung auf die eingesetzte Drohne, das SDS-System sowie Hilfe bei der Erlangung der erforderlichen Sondergenehmigungen f\u00fcr den Betrieb an, so dass Sie bestens auf den Erfolg vorbereitet sind. <\/p>\n\n<div class=\"wp-block-buttons is-layout-flex wp-block-buttons-is-layout-flex\"><div class=\"wp-block-button\"><a class=\"wp-block-button__link\">Details zum SDS-System<\/a><\/div><\/div>\n\n<h2 class=\"wp-block-heading\">Fassaden- und Dachreinigung<\/h2>\n\nEffiziente, sichere Reinigung von Fassaden und D\u00e4chern mit minimalem Wasserverbrauch und ohne das Risiko von Sch\u00e4den. Unsere Drohnen liefern schnelle, kosteng\u00fcnstige Ergebnisse ohne riskante H\u00f6henarbeiten.\n\n<h2 class=\"wp-block-heading\">Reinigung von Glasoberfl\u00e4chen<\/h2>\n\nSchlierenfreies Glas mit unserer Reinwassertechnologie. Effizient und umweltfreundlich, perfekt f\u00fcr gro\u00dfe Glasfl\u00e4chen, ohne R\u00fcckst\u00e4nde zu hinterlassen.\n\n<h2 class=\"wp-block-heading\">Photovoltaische Reinigung<\/h2>\n\nSanfte, ber\u00fchrungsfreie Drohnenreinigung mit minimalem Wasserverbrauch und biologisch abbaubaren Reinigern f\u00fcr ein makelloses, umweltfreundliches Ergebnis.\n\nCleaningDrones GmbH\n\n<div>Verabschieden Sie sich von Aufz\u00fcgen und Seilen! Reinigen Sie Fassaden, Glas, D\u00e4cher und Solarpaneele effizient mit zertifizierter Drohnentechnologie. &nbsp;<\/div>\n\n<div class=\"wp-block-buttons is-layout-flex wp-block-buttons-is-layout-flex\"><div class=\"wp-block-button\"><a class=\"wp-block-button__link\">Kontaktieren Sie uns noch heute!<\/a><\/div><\/div>\n\n<figure class=\"wp-block-image size-large\"><img alt=\"\" loading=\"lazy\" decoding=\"async\" width=\"1024\" height=\"683\" src=\"https:\/\/cleaningdrones.de\/wp-content\/uploads\/2024\/11\/CleaningDrones_Glas_Reinigung_01-1024x683.jpg\" class=\"wp-image-151\" srcset=\"https:\/\/cleaningdrones.de\/wp-content\/uploads\/2024\/11\/CleaningDrones_Glas_Reinigung_01-1024x683.jpg 1024w, https:\/\/cleaningdrones.de\/wp-content\/uploads\/2024\/11\/CleaningDrones_Glas_Reinigung_01-300x200.jpg 300w, https:\/\/cleaningdrones.de\/wp-content\/uploads\/2024\/11\/CleaningDrones_Glas_Reinigung_01-768x512.jpg 768w, https:\/\/cleaningdrones.de\/wp-content\/uploads\/2024\/11\/CleaningDrones_Glas_Reinigung_01-1536x1024.jpg 1536w, https:\/\/cleaningdrones.de\/wp-content\/uploads\/2024\/11\/CleaningDrones_Glas_Reinigung_01-2048x1365.jpg 2048w\" sizes=\"auto, (max-width: 1024px) 100vw, 1024px\" \/><\/figure>\n\n<h2 class=\"wp-block-heading\">10 Gr\u00fcnde, sich f\u00fcr unsere Drohnen-Reinigungsl\u00f6sungen zu entscheiden<\/h2>\n\n<h3 class=\"wp-block-heading\">Kontaktfreie, schonende Reinigung<\/h3>\n\n<p>Wir bringen unsere Reinigungsmittel auf den entsprechenden Untergr\u00fcnden schonend auf und vermeiden dadurch zus\u00e4tzliche Abnutzung durch den Einsatz mechanischer Reinigungsger\u00e4te. Die Kontaktlose Reinigung mit der Drohne schont damit langfristig auch den behandelten\/gereinigten Untergrund. <\/p>\n\n<h3 class=\"wp-block-heading\">Nachhaltige Wassernutzung<\/h3>\n\n<p>Durch den Einsatz unserer Reinigungsdrohnen und dem SDS Reinigungssystem werden die ben\u00f6tigten Mischverh\u00e4ltnisse der Reinigungsmittel automatisiert, bedarfsgerecht und vor allem genau bereitgestellt und der Wasserverbrauch gg\u00fc. einer herk\u00f6mmlichen Reinigung um ein Vielfaches reduziert. Bei der Behandlung von Oberfl\u00e4chen machen wir uns zudem die Natur zu Nutze und lassen Sonne, Wind und Wetter Ihren Teil zu einer perfekten Reinigung beitragen und sparen dadurch weiteres kostbares Trinkwasser. <\/p>\n\n<h3 class=\"wp-block-heading\">Umweltvertr\u00e4gliche Reinigungsmittel<\/h3>\n\n<p>Wir setzen ausschlie\u00dflich auf biologisch abbaubare Reinigungsmittel und schonen damit zus\u00e4tzlich unsere Umwelt. Den Einsatz von gef\u00e4hrlichen Chemikalien vermeiden wir zu 100%. <\/p>\n\n<h3 class=\"wp-block-heading\">Schlierenfreie Glasoberfl\u00e4chen<\/h3>\n\n<p>Die eingesetzte Warmwasser-Osmose-Anlage stellt Wasser in seiner reinsten Form zur Verf\u00fcgung \u2013 ohne jegliche unerw\u00fcnschte Bestandteile, allen voran Kalk. Damit sind wir in der Lage, Glasfl\u00e4chen, PV-Anlagen etc. nach der Reinigung zu sp\u00fchlen und sofort streifenfrei zu hinterlassen. <\/p>\n\n<figure class=\"wp-block-image size-large\"><img alt=\"\" loading=\"lazy\" decoding=\"async\" width=\"1024\" height=\"683\" src=\"https:\/\/cleaningdrones.de\/wp-content\/uploads\/2024\/11\/CleaningDrones_Fassaden_Reinigung_01-1024x683.jpg\" class=\"wp-image-112\" srcset=\"https:\/\/cleaningdrones.de\/wp-content\/uploads\/2024\/11\/CleaningDrones_Fassaden_Reinigung_01-1024x683.jpg 1024w, https:\/\/cleaningdrones.de\/wp-content\/uploads\/2024\/11\/CleaningDrones_Fassaden_Reinigung_01-300x200.jpg 300w, https:\/\/cleaningdrones.de\/wp-content\/uploads\/2024\/11\/CleaningDrones_Fassaden_Reinigung_01-768x512.jpg 768w, https:\/\/cleaningdrones.de\/wp-content\/uploads\/2024\/11\/CleaningDrones_Fassaden_Reinigung_01-1536x1024.jpg 1536w, https:\/\/cleaningdrones.de\/wp-content\/uploads\/2024\/11\/CleaningDrones_Fassaden_Reinigung_01-2048x1365.jpg 2048w\" sizes=\"auto, (max-width: 1024px) 100vw, 1024px\" \/><\/figure>\n\n<h3 class=\"wp-block-heading\">Zeit-Effizienz<\/h3>\n\n<p>Das Reinigen von Geb\u00e4udefassaden, -d\u00e4chern, -glasfl\u00e4chen und\/oder Photovoltaikanlagen mit Hilfe einer Drohne reduziert den Faktor ZEIT erheblich. Die Fl\u00e4chenleistung\/Stunde liegt beim Drohneneinsatz in der Regel um ein Vielfaches \u00fcber dem der bisherigen Reinigungsmethoden. <\/p>\n\n<h3 class=\"wp-block-heading\">Konkurrenzf\u00e4hige Preisgestaltung<\/h3>\n\n<p>Durch die Erh\u00f6hung der Fl\u00e4chenleistung\/Zeiteinheit und der dadurch gewonnenen Zeitersparnis k\u00f6nnen Reinigungsauftr\u00e4ge konkurrenzf\u00e4higer angeboten und abgewickelt werden. Unsere und Ihre KundInnen werden es Ihnen danken. <\/p>\n\n<h3 class=\"wp-block-heading\">Erh\u00f6hte Sicherheit der Arbeiter<\/h3>\n\n<p>Das Reinigen mit unserer Drohnenl\u00f6sung ist nicht ansatzweise so kraftraubend wie bisherige Reinigungen mittels Lanzen und\/oder in teils schwindelerregender H\u00f6he von Hubsteigern oder auf Ger\u00fcsten. Gef\u00e4hrliches Klettern auf D\u00e4chern und die damit verbundene Absturzgefahr wird g\u00e4nzlich vermieden. <\/p>\n\n<h3 class=\"wp-block-heading\">Flexibler Betrieb<\/h3>\n\n<p>Um ein bestm\u00f6gliches Ma\u00df an Flexibilit\u00e4t zu gew\u00e4hrleisten, k\u00f6nnen die wichtigsten Funktionen der Reinigungsanlage neben der M\u00f6glichkeit \u00fcber ein Touch Display an der Anlage auch \u00fcber die Erweiterungshalterung an der Fernsteuerung des Drohnenpiloten bedient werden.<\/p>\n\n<figure class=\"wp-block-image size-large\"><img alt=\"\" loading=\"lazy\" decoding=\"async\" width=\"1024\" height=\"548\" src=\"https:\/\/cleaningdrones.de\/wp-content\/uploads\/2024\/11\/spektakulAIR_cleaning_11-scaled1-1024x548.jpg\" class=\"wp-image-416\" srcset=\"https:\/\/cleaningdrones.de\/wp-content\/uploads\/2024\/11\/spektakulAIR_cleaning_11-scaled1-1024x548.jpg 1024w, https:\/\/cleaningdrones.de\/wp-content\/uploads\/2024\/11\/spektakulAIR_cleaning_11-scaled1-300x161.jpg 300w, https:\/\/cleaningdrones.de\/wp-content\/uploads\/2024\/11\/spektakulAIR_cleaning_11-scaled1-768x411.jpg 768w, https:\/\/cleaningdrones.de\/wp-content\/uploads\/2024\/11\/spektakulAIR_cleaning_11-scaled1-1536x822.jpg 1536w, https:\/\/cleaningdrones.de\/wp-content\/uploads\/2024\/11\/spektakulAIR_cleaning_11-scaled1-2048x1096.jpg 2048w\" sizes=\"auto, (max-width: 1024px) 100vw, 1024px\" \/><\/figure>\n\n<h3 class=\"wp-block-heading\">Korrosionsbest\u00e4ndige Materialien<\/h3>\n\n<p>F\u00fcr alle Komponenten der Anlage, die in direkten Kontakt mit Wasser und\/oder den beigemischten Reinigungsmitteln kommen oder kommen k\u00f6nnen, wurden Komponenten aus rostfreien V4A Edelstahl verwendet. Dies betrifft beispielsweise die Rahmenkonstruktionen, die Hochdruck-, Misch- und F\u00f6rderpumpen, Ventile, Filter, Schlauchkupplungen und weitere Teile der Anlage. <\/p>\n\n<h3 class=\"wp-block-heading\">Zertifizierte Drohnenl\u00f6sungen f\u00fcr \u00d6sterreich<\/h3>\n\n<p>Durch den bereits vorliegenden SPECIFIC Bescheid der Austro Control k\u00f6nnen wir diese L\u00f6sung bereits am \u00f6sterreichischen Markt einsetzen und sind gerne bei der Erlangung eines solchen Bescheides im Rahmen eines SORA Prozesses auch f\u00fcr Ihre Firma behilflich.<\/p>\n\n<div class=\"wp-block-buttons is-layout-flex wp-block-buttons-is-layout-flex\"><div class=\"wp-block-button\"><a class=\"wp-block-button__link\">Fordern Sie ein Angebot an &#8211; jetzt!<\/a><\/div><\/div>\n\n<figure class=\"wp-block-image size-large\"><img alt=\"\" loading=\"lazy\" decoding=\"async\" width=\"1024\" height=\"775\" src=\"https:\/\/cleaningdrones.de\/wp-content\/uploads\/2024\/12\/CleaningDrones_Fassaden_Reinigung_frueher_01-1024x775.jpg\" class=\"wp-image-1115\" srcset=\"https:\/\/cleaningdrones.de\/wp-content\/uploads\/2024\/12\/CleaningDrones_Fassaden_Reinigung_frueher_01-1024x775.jpg 1024w, https:\/\/cleaningdrones.de\/wp-content\/uploads\/2024\/12\/CleaningDrones_Fassaden_Reinigung_frueher_01-300x227.jpg 300w, https:\/\/cleaningdrones.de\/wp-content\/uploads\/2024\/12\/CleaningDrones_Fassaden_Reinigung_frueher_01-768x582.jpg 768w, https:\/\/cleaningdrones.de\/wp-content\/uploads\/2024\/12\/CleaningDrones_Fassaden_Reinigung_frueher_01.jpg 1071w\" sizes=\"auto, (max-width: 1024px) 100vw, 1024px\" \/><\/figure>\n\n<figure class=\"wp-block-image size-large\"><img alt=\"\" loading=\"lazy\" decoding=\"async\" width=\"1024\" height=\"775\" src=\"https:\/\/cleaningdrones.de\/wp-content\/uploads\/2024\/12\/CleaningDrones_Fassaden_Reinigung_heute_01-1024x775.jpg\" class=\"wp-image-1117\" srcset=\"https:\/\/cleaningdrones.de\/wp-content\/uploads\/2024\/12\/CleaningDrones_Fassaden_Reinigung_heute_01-1024x775.jpg 1024w, https:\/\/cleaningdrones.de\/wp-content\/uploads\/2024\/12\/CleaningDrones_Fassaden_Reinigung_heute_01-300x227.jpg 300w, https:\/\/cleaningdrones.de\/wp-content\/uploads\/2024\/12\/CleaningDrones_Fassaden_Reinigung_heute_01-768x582.jpg 768w, https:\/\/cleaningdrones.de\/wp-content\/uploads\/2024\/12\/CleaningDrones_Fassaden_Reinigung_heute_01.jpg 1071w\" sizes=\"auto, (max-width: 1024px) 100vw, 1024px\" \/><\/figure>\n\n<h2 class=\"wp-block-heading\">Sie k\u00f6nnen sich darauf verlassen, bei uns den besten Service zu erhalten.<\/h2>\n\n<p>Die im September 2024 von Alexander Wipplinger und Florian Willemsen (Gr\u00fcnder von spektakulAIR.at) und Christian Klier gegr\u00fcndete CleaningDrones GmbH baut auf langj\u00e4hriger professioneller Drohnenexpertise auf.<\/p><p>Als Spezialisten auf dem Gebiet der drohnengest\u00fctzten Reinigung und des Vertriebs von SDS-Systemen kombinieren wir Innovation mit bew\u00e4hrter Erfahrung.&nbsp;<\/p>\n\n<figure class=\"wp-block-image size-large\"><img alt=\"\" loading=\"lazy\" decoding=\"async\" width=\"1024\" height=\"683\" src=\"https:\/\/cleaningdrones.de\/wp-content\/uploads\/2024\/11\/partner_spektakulAIR-1024x683.jpg\" class=\"wp-image-550\" srcset=\"https:\/\/cleaningdrones.de\/wp-content\/uploads\/2024\/11\/partner_spektakulAIR-1024x683.jpg 1024w, https:\/\/cleaningdrones.de\/wp-content\/uploads\/2024\/11\/partner_spektakulAIR-300x200.jpg 300w, https:\/\/cleaningdrones.de\/wp-content\/uploads\/2024\/11\/partner_spektakulAIR-768x512.jpg 768w, https:\/\/cleaningdrones.de\/wp-content\/uploads\/2024\/11\/partner_spektakulAIR-1536x1024.jpg 1536w, https:\/\/cleaningdrones.de\/wp-content\/uploads\/2024\/11\/partner_spektakulAIR-2048x1366.jpg 2048w\" sizes=\"auto, (max-width: 1024px) 100vw, 1024px\" \/><\/figure>\n\n6+<br>\n\nJahre&nbsp;<br>Erfahrung\n\n<div class=\"wp-block-buttons is-layout-flex wp-block-buttons-is-layout-flex\"><div class=\"wp-block-button\"><a class=\"wp-block-button__link\">Mehr \u00fcber uns<\/a><\/div><\/div>","protected":false},"excerpt":{"rendered":"<p>Der Game Changer in der Reinigungsbranche! M\u00f6chten auch Sie mit unserer Drohnen-Reinigungsl\u00f6sung arbeiten? Als offizieller Vertriebspartner der Swiss Drone Services AG f\u00fcr das SDS-Reinigungssystem bieten wir Ihnen die M\u00f6glichkeit, zuk\u00fcnftig selbst mit Hilfe von Drohnen zu reinigen. Mit einer sehr kurzen Vorlaufzeit k\u00f6nnen auch Sie von dieser innovativen Reinigungsl\u00f6sung profitieren. Gerne f\u00fchren wir Ihnen das [&hellip;]<\/p>\n","protected":false},"author":1,"featured_media":0,"parent":0,"menu_order":0,"comment_status":"closed","ping_status":"closed","template":"","meta":{"_acf_changed":false,"_seopress_robots_primary_cat":"","_seopress_titles_title":"CleaningDrones GmbH: Effektiv, sicher & umweltfreundlich!","_seopress_titles_desc":"Reinigung mit Drohnen: Fassaden, Glas, Solarpaneele. Kontaktfreie Drohnentechnologie von CleaningDrones GmbH.","_seopress_robots_index":"","footnotes":""},"class_list":["post-478","page","type-page","status-publish","hentry"],"acf":[],"_links":{"self":[{"href":"https:\/\/cleaningdrones.de\/de\/wp-json\/wp\/v2\/pages\/478","targetHints":{"allow":["GET"]}}],"collection":[{"href":"https:\/\/cleaningdrones.de\/de\/wp-json\/wp\/v2\/pages"}],"about":[{"href":"https:\/\/cleaningdrones.de\/de\/wp-json\/wp\/v2\/types\/page"}],"author":[{"embeddable":true,"href":"https:\/\/cleaningdrones.de\/de\/wp-json\/wp\/v2\/users\/1"}],"replies":[{"embeddable":true,"href":"https:\/\/cleaningdrones.de\/de\/wp-json\/wp\/v2\/comments?post=478"}],"version-history":[{"count":27,"href":"https:\/\/cleaningdrones.de\/de\/wp-json\/wp\/v2\/pages\/478\/revisions"}],"predecessor-version":[{"id":1793,"href":"https:\/\/cleaningdrones.de\/de\/wp-json\/wp\/v2\/pages\/478\/revisions\/1793"}],"wp:attachment":[{"href":"https:\/\/cleaningdrones.de\/de\/wp-json\/wp\/v2\/media?parent=478"}],"curies":[{"name":"wp","href":"https:\/\/api.w.org\/{rel}","templated":true}]}}